{"id":11,"date":"2023-07-11T16:05:52","date_gmt":"2023-07-11T14:05:52","guid":{"rendered":"http:\/\/avmeuen.cluster023.hosting.ovh.net\/?page_id=11"},"modified":"2024-02-18T13:13:29","modified_gmt":"2024-02-18T12:13:29","slug":"page-depart-0","status":"publish","type":"page","link":"https:\/\/www.av2m.eu\/","title":{"rendered":"ACCUEIL"},"content":{"rendered":"<p>[et_pb_section fb_built=\u00a0\u00bb1&Prime; _builder_version=\u00a0\u00bb4.21.0&Prime; _module_preset=\u00a0\u00bbdefault\u00a0\u00bb custom_padding=\u00a0\u00bb0px||||false|false\u00a0\u00bb bottom_divider_style=\u00a0\u00bbramp2&Prime; bottom_divider_color=\u00a0\u00bb#00903A\u00a0\u00bb bottom_divider_arrangement=\u00a0\u00bbabove_content\u00a0\u00bb global_colors_info=\u00a0\u00bb{}\u00a0\u00bb][et_pb_row _builder_version=\u00a0\u00bb4.21.0&Prime; _module_preset=\u00a0\u00bbdefault\u00a0\u00bb width=\u00a0\u00bb100%\u00a0\u00bb max_width=\u00a0\u00bb100%\u00a0\u00bb custom_padding=\u00a0\u00bb0px||0px||true|false\u00a0\u00bb global_colors_info=\u00a0\u00bb{}\u00a0\u00bb][et_pb_column type=\u00a0\u00bb4_4&Prime; _builder_version=\u00a0\u00bb4.21.0&Prime; _module_preset=\u00a0\u00bbdefault\u00a0\u00bb global_colors_info=\u00a0\u00bb{}\u00a0\u00bb][et_pb_slider disabled_on=\u00a0\u00bboff|off|off\u00a0\u00bb _builder_version=\u00a0\u00bb4.21.0&Prime; _module_preset=\u00a0\u00bbdefault\u00a0\u00bb header_font=\u00a0\u00bbABeeZee||||||||\u00a0\u00bb header_text_align=\u00a0\u00bbcenter\u00a0\u00bb header_font_size=\u00a0\u00bb39px\u00a0\u00bb header_line_height=\u00a0\u00bb1.1em\u00a0\u00bb use_background_color_gradient=\u00a0\u00bbon\u00a0\u00bb background_color_gradient_stops=\u00a0\u00bbrgba(16,56,89,0.63) 0%|rgba(16,56,89,0.73) 100%\u00a0\u00bb background_image=\u00a0\u00bbhttps:\/\/www.av2m.eu\/wp-content\/uploads\/2023\/09\/DSC_6453-scaled.webp\u00a0\u00bb background_blend=\u00a0\u00bbmultiply\u00a0\u00bb custom_button=\u00a0\u00bbon\u00a0\u00bb button_text_color=\u00a0\u00bb#FFFFFF\u00a0\u00bb custom_margin=\u00a0\u00bb||-54px||false|false\u00a0\u00bb animation_style=\u00a0\u00bbfade\u00a0\u00bb background_last_edited=\u00a0\u00bbon|phone\u00a0\u00bb use_background_color_gradient_phone=\u00a0\u00bbon\u00a0\u00bb background_color_gradient_stops_phone=\u00a0\u00bbrgba(16,56,89,0.63) 0%|rgba(16,56,89,0.65) 100%\u00a0\u00bb global_colors_info=\u00a0\u00bb{}\u00a0\u00bb][et_pb_slide heading=\u00a0\u00bbPLATEFORMES DE TRI, DE TRAITEMENT ET DE REVALORISATION DE MAT\u00c9RIAUX \u00c0 MARSEILLE &amp; AIX-EN-PROVENCE\u00a0\u00bb button_text_tablet=\u00a0\u00bb\u00a0\u00bb button_text_phone=\u00a0\u00bb\u00a0\u00bb button_text_last_edited=\u00a0\u00bbon|desktop\u00a0\u00bb _builder_version=\u00a0\u00bb4.21.0&Prime; _module_preset=\u00a0\u00bbdefault\u00a0\u00bb header_text_align=\u00a0\u00bbcenter\u00a0\u00bb header_font_size=\u00a0\u00bb36px\u00a0\u00bb global_colors_info=\u00a0\u00bb{}\u00a0\u00bb sticky_transition=\u00a0\u00bbon\u00a0\u00bb]<\/p>\n<p>AV2M Recyclage trie et revalorise diff\u00e9rents types de mat\u00e9riaux issus de chantiers : mat\u00e9riaux provenant de la d\u00e9molition d&rsquo;ouvrage et de chauss\u00e9e, mat\u00e9riaux rocheux tel que le calcaire, terre v\u00e9g\u00e9tale\u2026<\/p>\n<p>[\/et_pb_slide][\/et_pb_slider][\/et_pb_column][\/et_pb_row][\/et_pb_section][et_pb_section fb_built=\u00a0\u00bb1&Prime; admin_label=\u00a0\u00bbFeatures\u00a0\u00bb _builder_version=\u00a0\u00bb4.21.0&Prime; background_color=\u00a0\u00bb#f7f7f7&Prime; background_image=\u00a0\u00bbhttps:\/\/avmeuen.cluster023.hosting.ovh.net\/wp-content\/uploads\/2023\/07\/green-energy-34.png\u00a0\u00bb background_size=\u00a0\u00bbinitial\u00a0\u00bb background_position=\u00a0\u00bbtop_left\u00a0\u00bb custom_padding=\u00a0\u00bb0px||0px|||\u00a0\u00bb locked=\u00a0\u00bboff\u00a0\u00bb global_colors_info=\u00a0\u00bb{}\u00a0\u00bb][et_pb_row column_structure=\u00a0\u00bb1_2,1_2&Prime; _builder_version=\u00a0\u00bb4.21.0&Prime; _module_preset=\u00a0\u00bbdefault\u00a0\u00bb global_colors_info=\u00a0\u00bb{}\u00a0\u00bb][et_pb_column type=\u00a0\u00bb1_2&Prime; _builder_version=\u00a0\u00bb4.21.0&Prime; _module_preset=\u00a0\u00bbdefault\u00a0\u00bb global_colors_info=\u00a0\u00bb{}\u00a0\u00bb][et_pb_blurb title=\u00a0\u00bbRecyclage &amp; Revalorisation\u00a0\u00bb image=\u00a0\u00bbhttps:\/\/www.av2m.eu\/wp-content\/uploads\/2023\/07\/green-energy-icon-17-2.png\u00a0\u00bb _builder_version=\u00a0\u00bb4.21.0&Prime; header_font=\u00a0\u00bbBitter||||||||\u00a0\u00bb header_font_size=\u00a0\u00bb30px\u00a0\u00bb header_line_height=\u00a0\u00bb1.6em\u00a0\u00bb body_font=\u00a0\u00bb||||||||\u00a0\u00bb body_font_size=\u00a0\u00bb16px\u00a0\u00bb body_line_height=\u00a0\u00bb1.8em\u00a0\u00bb use_background_color_gradient=\u00a0\u00bbon\u00a0\u00bb background_color_gradient_stops=\u00a0\u00bb#103859 0%|#103859 84%\u00a0\u00bb background_color_gradient_overlays_image=\u00a0\u00bbon\u00a0\u00bb background_image=\u00a0\u00bbhttps:\/\/www.av2m.eu\/wp-content\/uploads\/2023\/09\/operation-de-scalpage-de-materiaux-scaled.webp\u00a0\u00bb background_blend=\u00a0\u00bbmultiply\u00a0\u00bb text_orientation=\u00a0\u00bbcenter\u00a0\u00bb background_layout=\u00a0\u00bbdark\u00a0\u00bb custom_padding=\u00a0\u00bb45px|15px|120px|15px|false|true\u00a0\u00bb custom_padding_tablet=\u00a0\u00bb60px||60px\u00a0\u00bb custom_padding_phone=\u00a0\u00bb30px||30px\u00a0\u00bb custom_padding_last_edited=\u00a0\u00bbon|phone\u00a0\u00bb hover_enabled=\u00a0\u00bb0&Prime; body_font_size_tablet=\u00a0\u00bb\u00a0\u00bb body_font_size_phone=\u00a0\u00bb14px\u00a0\u00bb body_font_size_last_edited=\u00a0\u00bbon|desktop\u00a0\u00bb global_colors_info=\u00a0\u00bb{}\u00a0\u00bb body_text_color__hover=\u00a0\u00bb#ffffff\u00a0\u00bb custom_padding__hover=\u00a0\u00bb100px||140px\u00a0\u00bb custom_padding__hover_enabled=\u00a0\u00bbon\u00a0\u00bb alt=\u00a0\u00bbAV2M Recyclage\u00a0\u00bb title_text=\u00a0\u00bbAV2M Recyclage\u00a0\u00bb sticky_enabled=\u00a0\u00bb0&Prime;]<\/p>\n<p>Les mat\u00e9riaux sont revaloris\u00e9s au travers de proc\u00e9d\u00e9s de traitement adapt\u00e9s tels que le concassage, criblage, scalpage et tamisage et sont r\u00e9utilis\u00e9s pour le remblaiement de travaux de voiries et r\u00e9seaux, am\u00e9nagements paysagers et hydrauliques\u2026<\/p>\n<p>[\/et_pb_blurb][\/et_pb_column][et_pb_column type=\u00a0\u00bb1_2&Prime; _builder_version=\u00a0\u00bb4.21.0&Prime; _module_preset=\u00a0\u00bbdefault\u00a0\u00bb global_colors_info=\u00a0\u00bb{}\u00a0\u00bb][et_pb_blurb title=\u00a0\u00bbVente de granulats recycl\u00e9s\u00a0\u00bb image=\u00a0\u00bbhttps:\/\/www.av2m.eu\/wp-content\/uploads\/2023\/07\/pelle-granulats-2.png\u00a0\u00bb alt=\u00a0\u00bbpelle + granulats pour AV2M Recyclage\u00a0\u00bb _builder_version=\u00a0\u00bb4.21.0&Prime; header_font=\u00a0\u00bbBitter||||||||\u00a0\u00bb header_font_size=\u00a0\u00bb30px\u00a0\u00bb header_line_height=\u00a0\u00bb1.6em\u00a0\u00bb body_font=\u00a0\u00bb||||||||\u00a0\u00bb body_font_size=\u00a0\u00bb16px\u00a0\u00bb body_line_height=\u00a0\u00bb1.8em\u00a0\u00bb use_background_color_gradient=\u00a0\u00bbon\u00a0\u00bb background_color_gradient_stops=\u00a0\u00bb#00903a 0%|#00903a 83%\u00a0\u00bb background_color_gradient_overlays_image=\u00a0\u00bbon\u00a0\u00bb background_color_gradient_start=\u00a0\u00bbrgba(67,89,233,0.85)\u00a0\u00bb background_color_gradient_end=\u00a0\u00bb#4359e9&Prime; background_color_gradient_end_position=\u00a0\u00bb84%\u00a0\u00bb background_image=\u00a0\u00bbhttps:\/\/www.av2m.eu\/wp-content\/uploads\/2023\/09\/DSC_6452-scaled.webp\u00a0\u00bb background_blend=\u00a0\u00bbmultiply\u00a0\u00bb text_orientation=\u00a0\u00bbcenter\u00a0\u00bb background_layout=\u00a0\u00bbdark\u00a0\u00bb custom_padding=\u00a0\u00bb45px|15px|104px|15px|false|true\u00a0\u00bb custom_padding_tablet=\u00a0\u00bb60px||60px\u00a0\u00bb custom_padding_phone=\u00a0\u00bb30px||30px\u00a0\u00bb custom_padding_last_edited=\u00a0\u00bbon|phone\u00a0\u00bb hover_enabled=\u00a0\u00bb0&Prime; body_font_size_tablet=\u00a0\u00bb\u00a0\u00bb body_font_size_phone=\u00a0\u00bb14px\u00a0\u00bb body_font_size_last_edited=\u00a0\u00bbon|desktop\u00a0\u00bb locked=\u00a0\u00bboff\u00a0\u00bb global_colors_info=\u00a0\u00bb{}\u00a0\u00bb body_text_color__hover=\u00a0\u00bb#ffffff\u00a0\u00bb custom_padding__hover=\u00a0\u00bb100px||140px\u00a0\u00bb custom_padding__hover_enabled=\u00a0\u00bbon\u00a0\u00bb title_text=\u00a0\u00bbpelle + granulats 2&Prime; sticky_enabled=\u00a0\u00bb0&Prime;]<\/p>\n<p>AV2M Recyclage propose une large gamme de granulats recycl\u00e9s de qualit\u00e9s, adapt\u00e9s \u00e0 la demande tous les clients.<\/p>\n<p><em>Tous venants, Graviers, Enrochements, Ballastes, Grains de riz, Sable, Terre v\u00e9g\u00e9tales et autres sur demande<\/em>.<\/p>\n<p>[\/et_pb_blurb][\/et_pb_column][\/et_pb_row][et_pb_row _builder_version=\u00a0\u00bb4.21.0&Prime; _module_preset=\u00a0\u00bbdefault\u00a0\u00bb custom_padding=\u00a0\u00bb||0px|||\u00a0\u00bb global_colors_info=\u00a0\u00bb{}\u00a0\u00bb][et_pb_column type=\u00a0\u00bb4_4&Prime; _builder_version=\u00a0\u00bb4.21.0&Prime; _module_preset=\u00a0\u00bbdefault\u00a0\u00bb global_colors_info=\u00a0\u00bb{}\u00a0\u00bb][et_pb_divider _builder_version=\u00a0\u00bb4.21.0&Prime; _module_preset=\u00a0\u00bbdefault\u00a0\u00bb custom_margin=\u00a0\u00bb||-16px|||\u00a0\u00bb global_colors_info=\u00a0\u00bb{}\u00a0\u00bb][\/et_pb_divider][et_pb_text _builder_version=\u00a0\u00bb4.21.0&Prime; _module_preset=\u00a0\u00bbdefault\u00a0\u00bb inline_fonts=\u00a0\u00bbABeeZee\u00a0\u00bb global_colors_info=\u00a0\u00bb{}\u00a0\u00bb]<\/p>\n<h3 style=\"text-align: center;\"><span style=\"font-family: ABeeZee; font-weight: normal; color: #00903a;\"><em>\u00ab\u00a0CONSTRUISONS UN AVENIR DURABLE\u00a0\u00bb<\/em><\/span><\/h3>\n<p>[\/et_pb_text][\/et_pb_column][\/et_pb_row][et_pb_row _builder_version=\u00a0\u00bb4.21.0&Prime; _module_preset=\u00a0\u00bbdefault\u00a0\u00bb custom_padding=\u00a0\u00bb||0px|||\u00a0\u00bb global_colors_info=\u00a0\u00bb{}\u00a0\u00bb][et_pb_column type=\u00a0\u00bb4_4&Prime; _builder_version=\u00a0\u00bb4.21.0&Prime; _module_preset=\u00a0\u00bbdefault\u00a0\u00bb global_colors_info=\u00a0\u00bb{}\u00a0\u00bb][et_pb_divider _builder_version=\u00a0\u00bb4.21.0&Prime; _module_preset=\u00a0\u00bbdefault\u00a0\u00bb custom_margin=\u00a0\u00bb-29px|||||\u00a0\u00bb global_colors_info=\u00a0\u00bb{}\u00a0\u00bb][\/et_pb_divider][\/et_pb_column][\/et_pb_row][\/et_pb_section][et_pb_section fb_built=\u00a0\u00bb1&Prime; _builder_version=\u00a0\u00bb4.21.0&Prime; _module_preset=\u00a0\u00bbdefault\u00a0\u00bb background_color=\u00a0\u00bb#f7f7f7&Prime; custom_padding=\u00a0\u00bb0px||9px|||\u00a0\u00bb global_colors_info=\u00a0\u00bb{}\u00a0\u00bb][et_pb_row _builder_version=\u00a0\u00bb4.21.0&Prime; _module_preset=\u00a0\u00bbdefault\u00a0\u00bb custom_padding=\u00a0\u00bb5px|||||\u00a0\u00bb global_colors_info=\u00a0\u00bb{}\u00a0\u00bb][et_pb_column type=\u00a0\u00bb4_4&Prime; _builder_version=\u00a0\u00bb4.21.0&Prime; _module_preset=\u00a0\u00bbdefault\u00a0\u00bb global_colors_info=\u00a0\u00bb{}\u00a0\u00bb][et_pb_text _builder_version=\u00a0\u00bb4.21.0&Prime; _module_preset=\u00a0\u00bbdefault\u00a0\u00bb text_font=\u00a0\u00bbABeeZee||||||||\u00a0\u00bb text_text_color=\u00a0\u00bb#8ABD24&Prime; custom_margin=\u00a0\u00bb||-3px|||\u00a0\u00bb inline_fonts=\u00a0\u00bbABeeZee\u00a0\u00bb global_colors_info=\u00a0\u00bb{}\u00a0\u00bb]<\/p>\n<h1 style=\"text-align: center;\"><span style=\"color: #103859;\"><strong><span style=\"font-family: ABeeZee;\">RETROUVEZ-NOUS<\/span><\/strong><\/span><\/h1>\n<p>[\/et_pb_text][et_pb_code _builder_version=\u00a0\u00bb4.21.0&Prime; _module_preset=\u00a0\u00bbdefault\u00a0\u00bb global_colors_info=\u00a0\u00bb{}\u00a0\u00bb]<iframe loading=\"lazy\" src=\"\/\/umap.openstreetmap.fr\/fr\/map\/av2m-recyclage_940187?scaleControl=false&amp;miniMap=false&amp;scrollWheelZoom=false&amp;zoomControl=true&amp;allowEdit=false&amp;moreControl=true&amp;searchControl=null&amp;tilelayersControl=null&amp;embedControl=null&amp;datalayersControl=true&amp;onLoadPanel=undefined&amp;captionBar=false&amp;captionMenus=true#9\/43.4105\/5.3709\" width=\"100%\" height=\"300px\" frameborder=\"0\" allowfullscreen=\"allowfullscreen\"><\/iframe><\/p>\n<p><a href=\"\/\/umap.openstreetmap.fr\/fr\/map\/av2m-recyclage_940187?scaleControl=false&amp;miniMap=false&amp;scrollWheelZoom=true&amp;zoomControl=true&amp;allowEdit=false&amp;moreControl=true&amp;searchControl=null&amp;tilelayersControl=null&amp;embedControl=null&amp;datalayersControl=true&amp;onLoadPanel=undefined&amp;captionBar=false&amp;captionMenus=true#9\/43.3302\/5.6414\">Voir en plein \u00e9cran<\/a><\/p>\n<p>[\/et_pb_code][\/et_pb_column][\/et_pb_row][\/et_pb_section]<\/p>\n","protected":false},"excerpt":{"rendered":"<p>AV2M Recyclage trie et revalorise diff\u00e9rents types de mat\u00e9riaux issus de chantiers : mat\u00e9riaux provenant de la d\u00e9molition d&rsquo;ouvrage et de chauss\u00e9e, mat\u00e9riaux rocheux tel que le calcaire, terre v\u00e9g\u00e9tale\u2026 Les mat\u00e9riaux sont revaloris\u00e9s au travers de proc\u00e9d\u00e9s de traitement adapt\u00e9s tels que le concassage, criblage, scalpage et tamisage et sont r\u00e9utilis\u00e9s pour le remblaiement [&hellip;]<\/p>\n","protected":false},"author":1,"featured_media":0,"parent":0,"menu_order":0,"comment_status":"closed","ping_status":"closed","template":"","meta":{"_et_pb_use_builder":"on","_et_pb_old_content":"","_et_gb_content_width":"","_monsterinsights_skip_tracking":false,"_monsterinsights_sitenote_active":false,"_monsterinsights_sitenote_note":"","_monsterinsights_sitenote_category":0,"footnotes":""},"class_list":["post-11","page","type-page","status-publish","hentry"],"yoast_head":"<!-- This site is optimized with the Yoast SEO plugin v21.3 - https:\/\/yoast.com\/wordpress\/plugins\/seo\/ -->\n<title>ACCUEIL - AV2M Recyclage<\/title>\n<meta name=\"robots\" content=\"index, follow, max-snippet:-1, max-image-preview:large, max-video-preview:-1\" \/>\n<link rel=\"canonical\" href=\"https:\/\/www.av2m.eu\/\" \/>\n<meta property=\"og:locale\" content=\"fr_FR\" \/>\n<meta property=\"og:type\" content=\"article\" \/>\n<meta property=\"og:title\" content=\"ACCUEIL - AV2M Recyclage\" \/>\n<meta property=\"og:description\" content=\"AV2M Recyclage trie et revalorise diff\u00e9rents types de mat\u00e9riaux issus de chantiers : mat\u00e9riaux provenant de la d\u00e9molition d&#039;ouvrage et de chauss\u00e9e, mat\u00e9riaux rocheux tel que le calcaire, terre v\u00e9g\u00e9tale\u2026 Les mat\u00e9riaux sont revaloris\u00e9s au travers de proc\u00e9d\u00e9s de traitement adapt\u00e9s tels que le concassage, criblage, scalpage et tamisage et sont r\u00e9utilis\u00e9s pour le remblaiement [&hellip;]\" \/>\n<meta property=\"og:url\" content=\"https:\/\/www.av2m.eu\/\" \/>\n<meta property=\"og:site_name\" content=\"AV2M Recyclage\" \/>\n<meta property=\"article:modified_time\" content=\"2024-02-18T12:13:29+00:00\" \/>\n<meta name=\"twitter:card\" content=\"summary_large_image\" \/>\n<meta name=\"twitter:label1\" content=\"Dur\u00e9e de lecture estim\u00e9e\" \/>\n\t<meta name=\"twitter:data1\" content=\"2 minutes\" \/>\n<script type=\"application\/ld+json\" class=\"yoast-schema-graph\">{\"@context\":\"https:\/\/schema.org\",\"@graph\":[{\"@type\":\"WebPage\",\"@id\":\"https:\/\/www.av2m.eu\/\",\"url\":\"https:\/\/www.av2m.eu\/\",\"name\":\"ACCUEIL - AV2M Recyclage\",\"isPartOf\":{\"@id\":\"https:\/\/www.av2m.eu\/#website\"},\"datePublished\":\"2023-07-11T14:05:52+00:00\",\"dateModified\":\"2024-02-18T12:13:29+00:00\",\"breadcrumb\":{\"@id\":\"https:\/\/www.av2m.eu\/#breadcrumb\"},\"inLanguage\":\"fr-FR\",\"potentialAction\":[{\"@type\":\"ReadAction\",\"target\":[\"https:\/\/www.av2m.eu\/\"]}]},{\"@type\":\"BreadcrumbList\",\"@id\":\"https:\/\/www.av2m.eu\/#breadcrumb\",\"itemListElement\":[{\"@type\":\"ListItem\",\"position\":1,\"name\":\"Accueil\",\"item\":\"https:\/\/www.av2m.eu\/\"},{\"@type\":\"ListItem\",\"position\":2,\"name\":\"ACCUEIL\"}]},{\"@type\":\"WebSite\",\"@id\":\"https:\/\/www.av2m.eu\/#website\",\"url\":\"https:\/\/www.av2m.eu\/\",\"name\":\"AV2M Recyclage\",\"description\":\"Plateformes de tri, de traitement et de revalorisation de mat\u00e9riaux\",\"publisher\":{\"@id\":\"https:\/\/www.av2m.eu\/#organization\"},\"potentialAction\":[{\"@type\":\"SearchAction\",\"target\":{\"@type\":\"EntryPoint\",\"urlTemplate\":\"https:\/\/www.av2m.eu\/?s={search_term_string}\"},\"query-input\":\"required name=search_term_string\"}],\"inLanguage\":\"fr-FR\"},{\"@type\":\"Organization\",\"@id\":\"https:\/\/www.av2m.eu\/#organization\",\"name\":\"AV2M Recyclage\",\"url\":\"https:\/\/www.av2m.eu\/\",\"logo\":{\"@type\":\"ImageObject\",\"inLanguage\":\"fr-FR\",\"@id\":\"https:\/\/www.av2m.eu\/#\/schema\/logo\/image\/\",\"url\":\"https:\/\/www.av2m.eu\/wp-content\/uploads\/2023\/07\/Logo-AV2M-web.webp\",\"contentUrl\":\"https:\/\/www.av2m.eu\/wp-content\/uploads\/2023\/07\/Logo-AV2M-web.webp\",\"width\":1028,\"height\":270,\"caption\":\"AV2M Recyclage\"},\"image\":{\"@id\":\"https:\/\/www.av2m.eu\/#\/schema\/logo\/image\/\"},\"sameAs\":[\"https:\/\/www.instagram.com\/av2m_recyclage\/\"]}]}<\/script>\n<!-- \/ Yoast SEO plugin. -->","yoast_head_json":{"title":"ACCUEIL - AV2M Recyclage","robots":{"index":"index","follow":"follow","max-snippet":"max-snippet:-1","max-image-preview":"max-image-preview:large","max-video-preview":"max-video-preview:-1"},"canonical":"https:\/\/www.av2m.eu\/","og_locale":"fr_FR","og_type":"article","og_title":"ACCUEIL - AV2M Recyclage","og_description":"AV2M Recyclage trie et revalorise diff\u00e9rents types de mat\u00e9riaux issus de chantiers : mat\u00e9riaux provenant de la d\u00e9molition d'ouvrage et de chauss\u00e9e, mat\u00e9riaux rocheux tel que le calcaire, terre v\u00e9g\u00e9tale\u2026 Les mat\u00e9riaux sont revaloris\u00e9s au travers de proc\u00e9d\u00e9s de traitement adapt\u00e9s tels que le concassage, criblage, scalpage et tamisage et sont r\u00e9utilis\u00e9s pour le remblaiement [&hellip;]","og_url":"https:\/\/www.av2m.eu\/","og_site_name":"AV2M Recyclage","article_modified_time":"2024-02-18T12:13:29+00:00","twitter_card":"summary_large_image","twitter_misc":{"Dur\u00e9e de lecture estim\u00e9e":"2 minutes"},"schema":{"@context":"https:\/\/schema.org","@graph":[{"@type":"WebPage","@id":"https:\/\/www.av2m.eu\/","url":"https:\/\/www.av2m.eu\/","name":"ACCUEIL - AV2M Recyclage","isPartOf":{"@id":"https:\/\/www.av2m.eu\/#website"},"datePublished":"2023-07-11T14:05:52+00:00","dateModified":"2024-02-18T12:13:29+00:00","breadcrumb":{"@id":"https:\/\/www.av2m.eu\/#breadcrumb"},"inLanguage":"fr-FR","potentialAction":[{"@type":"ReadAction","target":["https:\/\/www.av2m.eu\/"]}]},{"@type":"BreadcrumbList","@id":"https:\/\/www.av2m.eu\/#breadcrumb","itemListElement":[{"@type":"ListItem","position":1,"name":"Accueil","item":"https:\/\/www.av2m.eu\/"},{"@type":"ListItem","position":2,"name":"ACCUEIL"}]},{"@type":"WebSite","@id":"https:\/\/www.av2m.eu\/#website","url":"https:\/\/www.av2m.eu\/","name":"AV2M Recyclage","description":"Plateformes de tri, de traitement et de revalorisation de mat\u00e9riaux","publisher":{"@id":"https:\/\/www.av2m.eu\/#organization"},"potentialAction":[{"@type":"SearchAction","target":{"@type":"EntryPoint","urlTemplate":"https:\/\/www.av2m.eu\/?s={search_term_string}"},"query-input":"required name=search_term_string"}],"inLanguage":"fr-FR"},{"@type":"Organization","@id":"https:\/\/www.av2m.eu\/#organization","name":"AV2M Recyclage","url":"https:\/\/www.av2m.eu\/","logo":{"@type":"ImageObject","inLanguage":"fr-FR","@id":"https:\/\/www.av2m.eu\/#\/schema\/logo\/image\/","url":"https:\/\/www.av2m.eu\/wp-content\/uploads\/2023\/07\/Logo-AV2M-web.webp","contentUrl":"https:\/\/www.av2m.eu\/wp-content\/uploads\/2023\/07\/Logo-AV2M-web.webp","width":1028,"height":270,"caption":"AV2M Recyclage"},"image":{"@id":"https:\/\/www.av2m.eu\/#\/schema\/logo\/image\/"},"sameAs":["https:\/\/www.instagram.com\/av2m_recyclage\/"]}]}},"_links":{"self":[{"href":"https:\/\/www.av2m.eu\/index.php\/wp-json\/wp\/v2\/pages\/11","targetHints":{"allow":["GET"]}}],"collection":[{"href":"https:\/\/www.av2m.eu\/index.php\/wp-json\/wp\/v2\/pages"}],"about":[{"href":"https:\/\/www.av2m.eu\/index.php\/wp-json\/wp\/v2\/types\/page"}],"author":[{"embeddable":true,"href":"https:\/\/www.av2m.eu\/index.php\/wp-json\/wp\/v2\/users\/1"}],"replies":[{"embeddable":true,"href":"https:\/\/www.av2m.eu\/index.php\/wp-json\/wp\/v2\/comments?post=11"}],"version-history":[{"count":47,"href":"https:\/\/www.av2m.eu\/index.php\/wp-json\/wp\/v2\/pages\/11\/revisions"}],"predecessor-version":[{"id":523,"href":"https:\/\/www.av2m.eu\/index.php\/wp-json\/wp\/v2\/pages\/11\/revisions\/523"}],"wp:attachment":[{"href":"https:\/\/www.av2m.eu\/index.php\/wp-json\/wp\/v2\/media?parent=11"}],"curies":[{"name":"wp","href":"https:\/\/api.w.org\/{rel}","templated":true}]}}